{"id":885,"date":"2025-08-15T22:02:02","date_gmt":"2025-08-15T20:02:02","guid":{"rendered":"https:\/\/radiofunambule.fr\/?page_id=885"},"modified":"2026-04-20T16:40:39","modified_gmt":"2026-04-20T14:40:39","slug":"nouvelle-2-la-cabane","status":"publish","type":"page","link":"https:\/\/radiofunambule.fr\/?page_id=885","title":{"rendered":"Bourgeons d&rsquo;\u00e9cume &#8211; La cabane"},"content":{"rendered":"\n<figure class=\"wp-block-gallery has-nested-images columns-default is-cropped wp-block-gallery-1 is-layout-flex wp-block-gallery-is-layout-flex\">\n<figure class=\"wp-block-image size-large\"><img loading=\"lazy\" decoding=\"async\" width=\"563\" height=\"1024\" data-id=\"927\" src=\"https:\/\/radiofunambule.fr\/wp-content\/uploads\/2026\/04\/Couv-1ere-BNF-563x1024.jpg\" alt=\"\" class=\"wp-image-927\"\/><\/figure>\n<\/figure>\n\n\n\n<p><br>Le recueil est disponible \u00e0 cette adresse:<br><a href=\"https:\/\/www.thebookedition.com\/fr\/bourgeons-d-ecume-p-428019.html\">https:\/\/www.thebookedition.com\/fr\/bourgeons-d-ecume-p-428019.html<\/a><br><br>Ci dessous un podcast r\u00e9alis\u00e9 autour de cette nouvelle.<br><br>L&rsquo;enregistrement a \u00e9t\u00e9 fait bien avant la publication du recueil, le texte a depuis fait l&rsquo;objet de quelques corrections, tr\u00e8s l\u00e9g\u00e8res mais r\u00e9elles.<\/p>\n\n\n\n<p>Podcast<\/p>\n\n\n<div id=\"sonaar_music_88\"><div class=\"sonaar_audioplayer_block_cover\"><article id=\"arbitrary-instance-69e776ca3bbb6\" class=\"iron_widget_radio\"><div class=\"iron-audioplayer  playlist_has_no_ctas srp_favorites_loading skin_floated\" id=\"arbitrary-instance-69e776ca3bbb6-566fde257f\" data-id=\"arbitrary-instance-69e776ca3bbb6\" data-track-sw-cursor=\"\" data-lazyload=\"\" data-albums=\"885\" data-category=\"\" data-url-playlist=\"https:\/\/radiofunambule.fr\/?load=playlist.json&#038;title=&#038;albums=885&#038;category=&#038;posts_not_in=&#038;category_not_in=&#038;author=&#038;feed_title=&#038;feed=&#038;feed_img=&#038;el_widget_id=&#038;artwork=&#038;posts_per_pages=-1&#038;all_category=&#038;single_playlist=&#038;reverse_tracklist=&#038;audio_meta_field=&#038;repeater_meta_field=&#038;import_file=&#038;rss_items=-1&#038;rss_item_title=&#038;is_favorite=&#038;is_recentlyplayed=&#038;srp_order=date_DESC\" data-sticky-player=\"\" data-shuffle=\"false\" data-playlist_title=\"\" data-scrollbar=\"\" data-wave-color=\"\" data-wave-progress-color=\"\" data-spectro=\"\" data-no-wave=\"\" data-hide-progressbar=\"\" data-progress-bar-style=\"\"data-feedurl=\"0\" data-notrackskip=\"\" data-no-loop-tracklist=\"\" data-playertemplate =\"skin_float_tracklist\" data-hide-artwork =\"\" data-speedrate=\"1\"  data-tracks-per-page=\"\" data-pagination_scroll_offset=\"\" data-adaptive-colors=\"\" data-adaptive-colors-freeze=\"\" style=\"opacity:0;\"><div class=\"sonaar-grid\" ><div class=\"sonaar-Artwort-box \">\n                <div class=\"control\">\n                    \n                <\/div>\n                <div class=\"album\">\n                    <div class=\"album-art\">\n                        <img alt=\"album-art\">\n                    <\/div>\n                <\/div>\n                <\/div><div class=\"playlist sr_waveform_simplebar\"  id=\"playlist_arbitrary-instance-69e776ca3bbb6\"><h3 class=\"sr_it-playlist-title\"><\/h3><div class=\"srp_subtitle\"><\/div><div class=\"srp_tracklist\"><ul class=\"srp_list\"><li \n            class=\"sr-playlist-item\" \n            data-audiopath=\"https:\/\/radiofunambule.fr\/wp-content\/uploads\/2025\/08\/Nouvelle-2-Cabane.mp3\"\n            data-showloading=\"1\"\n            data-albumTitle=\"Bourgeons d&#039;\u00e9cume - La cabane\"\n            data-albumArt=\"\"\n            data-releasedate=\"\"\n            data-date=\"2025\/08\/15\"\n            data-date-formated=\"15 ao\u00fbt 2025\"\n            data-show-date=\"\"\n            data-trackTitle=\"Nouvelle 2 \u2013 Cabane&lt;span class=&quot;srp_trackartist&quot;&gt;&lt;\/span&gt;\"\n            data-artist=\"\"\n            data-trackID=\"883\"\n            data-trackTime=\"1:01:55\"\n            data-relatedTrack=\"\"\n            data-post-url=\"\"\n            data-post-id=\"885\"\n            data-track-pos=\"0\"\n            data-peakFile=\"\"\n            data-peakFile-allow=\"\"\n            data-is-preview=\"\"\n            data-track-lyric=\"\" data-icecast_json=\"\" data-icecast_mount=\"\"><div class=\"sr-playlist-item-flex\"><span class=\"store-list\"><\/span><\/div><div class=\"srp_track_description\"><\/div><\/li><\/ul><\/div><\/div><\/div><div class=\"album-player sr_waveform_simplebar\"><div class=\"srp_miniplayer_metas\"><div class=\" srp_meta srp_meta_0 track-title\" data-prefix=\"\" aria-label=\"Track title\"><\/div><div class=\" srp_meta srp_meta_1 album-title\" data-prefix=\"\" aria-label=\"Title\"><\/div><\/div> <div class=\"player \" ><div class=\"sr_progressbar\">\n                \n            <div class=\"currentTime\">00:00<\/div>\n         \n                <div id=\"arbitrary-instance-69e776ca3bbb6-d513313b15-wave\" class=\"wave\" >\n                 \n        <div class=\"sonaar_fake_wave\" > \n            <audio src=\"\" class=\"sonaar_media_element\"><\/audio> \n            <div class=\"sonaar_wave_base\"> \n                <canvas id=\"sonaar_wave_base_canvas\" class=\"\" height=\"70\" width=\"2540\"><\/canvas> \n                <svg><\/svg> \n            <\/div> \n            <div class=\"sonaar_wave_cut\"> \n                <canvas id=\"sonaar_wave_cut_canvas\" class=\"\" height=\"70\" width=\"2540\"><\/canvas> \n                <svg><\/svg> \n            <\/div> \n        <\/div> \n                <\/div>\n                \n            <div class=\"totalTime\"><\/div>\n         \n             <\/div><div class=\"srp_main_control srp_oneColumn\"><div class=\"control\"><div role=\"button\" tabindex=\"0\" class=\"play\" style=\"opacity:0;\" aria-label=\"Play\" title=\"Play\/Pause\">\n                <i class=\"sricon-play\"><\/i>\n            <\/div><\/div><div class=\"control\"><\/div><\/div><\/div><\/div><div class=\"album-store\"><\/div><\/div><script id=\"srp_js_params_69e776ca3bbb6\">\n        var srp_player_params_69e776ca3bbb6 = {\"title\":\"\",\"store_title_text\":\"\",\"albums\":[],\"hide_artwork\":\"\",\"sticky_player\":\"\",\"show_album_market\":\"\",\"show_track_market\":\"1\",\"hide_timeline\":\"\",\"titletag_soundwave\":\"div\",\"titletag_playlist\":\"h3\",\"show_playlist\":\"\",\"wave_color\":\"\",\"wave_progress_color\":\"\",\"shuffle\":\"\",\"reverse_tracklist\":\"\",\"searchbar\":\"false\",\"track_desc_lenght\":\"55\",\"strip_html_track_desc\":\"true\",\"player_layout\":\"skin_float_tracklist\",\"hide_progressbar\":\"false\",\"use_play_label\":\"false\",\"use_play_label_with_icon\":\"false\",\"play-latest\":\"yes\",\"orderby\":\"date\",\"order\":\"DESC\",\"main_settings\":\"||\"} \n        var srp_player_params_args_69e776ca3bbb6 = {\"before_widget\":\"<article id=\\\"arbitrary-instance-69e776ca3bbb6\\\" class=\\\"iron_widget_radio\\\">\",\"after_widget\":\"<\\\/article>\",\"before_title\":\"<span class='heading-t3'><\\\/span><h3 class=\\\"widgettitle\\\">\",\"after_title\":\"<\\\/h3>\",\"widget_id\":\"arbitrary-instance-69e776ca3bbb6\"}  \n        <\/script><script>if(typeof setIronAudioplayers !== \"undefined\"){ setIronAudioplayers(\"arbitrary-instance-69e776ca3bbb6\"); }<\/script><\/article><\/div><\/div>\n\n\n<p class=\"has-text-align-left\"><br><br><\/p>\n\n\n\n<p class=\"has-text-align-center\">&#8212;&#8212;&#8212;&#8212;&#8212;&#8212;&#8212;&#8212;&#8212;&#8212;&#8211;<\/p>\n\n\n\n<p class=\"has-text-align-center\"><br><strong>Playlist<\/strong><\/p>\n\n\n\n<figure class=\"wp-block-image size-full\"><img loading=\"lazy\" decoding=\"async\" width=\"556\" height=\"275\" src=\"https:\/\/radiofunambule.fr\/wp-content\/uploads\/2025\/08\/Playlist-Cabane.jpg\" alt=\"\" class=\"wp-image-896\" srcset=\"https:\/\/radiofunambule.fr\/wp-content\/uploads\/2025\/08\/Playlist-Cabane.jpg 556w, https:\/\/radiofunambule.fr\/wp-content\/uploads\/2025\/08\/Playlist-Cabane-300x148.jpg 300w\" sizes=\"auto, (max-width: 556px) 100vw, 556px\" \/><\/figure>\n\n\n\n<p><br><br><a href=\"https:\/\/open.qobuz.com\/playlist\/34156056\">Lien vers la Playlist sur Qobuz<\/a><br><br><\/p>\n\n\n\n<p><\/p>\n\n\n\n<p><\/p>\n","protected":false},"excerpt":{"rendered":"<p>Le recueil est disponible \u00e0 cette adresse:https:\/\/www.thebookedition.com\/fr\/bourgeons-d-ecume-p-428019.html Ci dessous un podcast r\u00e9alis\u00e9 autour de cette nouvelle. L&rsquo;enregistrement a \u00e9t\u00e9 fait bien avant la publication du recueil, le texte a depuis fait l&rsquo;objet de quelques corrections, tr\u00e8s l\u00e9g\u00e8res mais r\u00e9elles. Podcast &#8212;&#8212;&#8212;&#8212;&#8212;&#8212;&#8212;&#8212;&#8212;&#8212;&#8211; Playlist Lien vers la Playlist sur Qobuz<\/p>\n","protected":false},"author":1,"featured_media":0,"parent":0,"menu_order":0,"comment_status":"closed","ping_status":"closed","template":"","meta":{"footnotes":""},"class_list":["post-885","page","type-page","status-publish","hentry"],"_links":{"self":[{"href":"https:\/\/radiofunambule.fr\/index.php?rest_route=\/wp\/v2\/pages\/885","targetHints":{"allow":["GET"]}}],"collection":[{"href":"https:\/\/radiofunambule.fr\/index.php?rest_route=\/wp\/v2\/pages"}],"about":[{"href":"https:\/\/radiofunambule.fr\/index.php?rest_route=\/wp\/v2\/types\/page"}],"author":[{"embeddable":true,"href":"https:\/\/radiofunambule.fr\/index.php?rest_route=\/wp\/v2\/users\/1"}],"replies":[{"embeddable":true,"href":"https:\/\/radiofunambule.fr\/index.php?rest_route=%2Fwp%2Fv2%2Fcomments&post=885"}],"version-history":[{"count":16,"href":"https:\/\/radiofunambule.fr\/index.php?rest_route=\/wp\/v2\/pages\/885\/revisions"}],"predecessor-version":[{"id":930,"href":"https:\/\/radiofunambule.fr\/index.php?rest_route=\/wp\/v2\/pages\/885\/revisions\/930"}],"wp:attachment":[{"href":"https:\/\/radiofunambule.fr\/index.php?rest_route=%2Fwp%2Fv2%2Fmedia&parent=885"}],"curies":[{"name":"wp","href":"https:\/\/api.w.org\/{rel}","templated":true}]}}